
{"id":861,"date":"2020-11-06T08:41:19","date_gmt":"2020-11-06T07:41:19","guid":{"rendered":"http:\/\/vinilosdeleste.com\/rechtliche-warnung\/"},"modified":"2020-11-06T08:41:20","modified_gmt":"2020-11-06T07:41:20","slug":"rechtliche-warnung","status":"publish","type":"page","link":"https:\/\/vinilosdeleste.com\/de\/rechtliche-warnung\/","title":{"rendered":"Rechtliche Warnung"},"content":{"rendered":"[vc_row type=&#8220;in_container&#8220; full_screen_row_position=&#8220;middle&#8220; column_margin=&#8220;default&#8220; scene_position=&#8220;center&#8220; text_color=&#8220;dark&#8220; text_align=&#8220;left&#8220; top_padding=&#8220;3%&#8220; bottom_padding=&#8220;4%&#8220; overlay_strength=&#8220;0.3&#8243; shape_divider_position=&#8220;bottom&#8220; bg_image_animation=&#8220;none&#8220; shape_type=&#8220;&#8220;][vc_column column_padding=&#8220;no-extra-padding&#8220; column_padding_position=&#8220;all&#8220; background_color_opacity=&#8220;1&#8243; background_hover_color_opacity=&#8220;1&#8243; column_link_target=&#8220;_self&#8220; column_shadow=&#8220;none&#8220; column_border_radius=&#8220;none&#8220; width=&#8220;1\/1&#8243; tablet_width_inherit=&#8220;default&#8220; tablet_text_alignment=&#8220;default&#8220; phone_text_alignment=&#8220;default&#8220; overlay_strength=&#8220;0.3&#8243; column_border_width=&#8220;none&#8220; column_border_style=&#8220;solid&#8220; bg_image_animation=&#8220;none&#8220;][vc_row_inner column_margin=&#8220;default&#8220; text_align=&#8220;left&#8220;][vc_column_inner column_padding=&#8220;no-extra-padding&#8220; column_padding_position=&#8220;all&#8220; background_color_opacity=&#8220;1&#8243; background_hover_color_opacity=&#8220;1&#8243; column_shadow=&#8220;none&#8220; column_border_radius=&#8220;none&#8220; column_link_target=&#8220;_self&#8220; width=&#8220;1\/1&#8243; tablet_width_inherit=&#8220;default&#8220; overlay_strength=&#8220;0.3&#8243; column_border_width=&#8220;none&#8220; column_border_style=&#8220;solid&#8220; bg_image_animation=&#8220;none&#8220;][vc_column_text]\n<h2>Nutzungsbedingungen<\/h2>\n[\/vc_column_text][\/vc_column_inner][\/vc_row_inner][vc_column_text]\n<p>In \u00dcbereinstimmung mit dem Gesetz 34\/2002 vom 11. Juli \u00fcber Dienstleistungen der Informationsgesellschaft und des elektronischen Handels (LSSI-CE), VINILOS DEL ESTE, teilt S.L mit, dass es der Eigent\u00fcmer der Website <a href=\"http:\/\/vinilosdeleste.com\/?lang=de\">www.vinilosfilm.com<\/a> ist.<\/p>\n<p>In \u00dcbereinstimmung mit der Anforderung von Artikel 10 des oben genannten Gesetzes informiert VINILOS DEL ESTE, S.L. \u00fcber die folgenden Informationen:Inhaber dieser Website ist VINILOS DEL ESTE, S.L. mit CIF B98395155 und Sitz bei CRTA. BENETUSER &#8211; PAIPORTA KM.1 46200 &#8211; PAIPORTA, VALENCIA, eingetragen im Handelsregister von Valencia, Band 9403, Buch 6685, Folio 24, Abschnitt 8, Seite V 14624. Die E-Mail-Adresse des Kontakts mit dem Unternehmen lautet: <a href=\"mailto:info@vinilosfilm.com\">info@vinilosfilm.com<\/a>.<\/p>\n<p><strong>Benutzer- und HaftungsregimeDurch<\/strong><\/p>\n<p>Das Durchsuchen, Zugreifen auf und Verwenden der VINILOS DEL ESTE, SL-Website wird die Bedingung des Benutzers, durch die er akzeptiert, durch das Durchsuchen der VINILOS DEL ESTE, SL-Website, alle hierin festgelegten Nutzungsbedingungen unbeschadet best\u00e4tigt der Anwendung der entsprechenden Vorschriften zur Einhaltung der gesetzlichen Bestimmungen. Die Website von VINILOS DEL ESTE, S.L bietet eine gro\u00dfe Vielfalt an Informationen, Diensten und Daten. Der Nutzer \u00fcbernimmt die Verantwortung f\u00fcr die korrekte Nutzung der Website. Diese Verantwortung erstreckt sich auf:Die Richtigkeit und Rechtm\u00e4\u00dfigkeit der vom Benutzer in den von VINILOS DEL ESTE, S.L., f\u00fcr den Zugriff auf bestimmte auf der Website angebotenen Inhalten oder Diensten bereitgestellten Formulare bereitgestellten Informationen.<\/p>\n<p>Die Nutzung der von VINILOS DEL ESTE, SL angebotenen Informationen, Dienste und Daten verst\u00f6\u00dft gegen die Bestimmungen dieser Bedingungen, gegen das Gesetz, die Moral, den guten Zoll oder die \u00f6ffentliche Ordnung oder kann auf andere Weise zu einer Verletzung der Rechte Dritter oder den Betrieb der Website selbst.<\/p>\n<p><strong>Verarbeitung personenbezogener<\/strong><\/p>\n<p>DatenDie von Ihnen angegebenen personenbezogenen Daten werden vertraulich behandelt und in die entsprechenden Verarbeitungsaktivit\u00e4ten unseres Unternehmens einbezogen. Wir fordern diese wesentlichen Daten an, um Ihre Anfrage zu erf\u00fcllen, eine Rechnung zu stellen, wenn Sie einen Kauf oder Vertrag abschlie\u00dfen oder die Beziehung zu Ihrer Person aufrechterhalten, falls Sie dies w\u00fcnschen oder wenn wir gezwungen sind, Ihnen Dienstleistungen anzubieten und \/ oder Ihre Eink\u00e4ufe auf dieser Website zu erledigen.<\/p>\n<p><strong>ZweckIhre pers\u00f6nlichen<\/strong><\/p>\n<p>Daten werden ausschlie\u00dflich zum Zweck der Erf\u00fcllung Ihrer Anforderungen verarbeitet. Wir senden keine Werbung ohne vorherige Zustimmung des Nutzers.<\/p>\n<p><strong>LegitimationDie<\/strong><\/p>\n<p>Behandlung Ihrer Daten erfolgt auf folgenden Grundlagen:<\/p>\n<p>Die Anfrage nach Informationen, Bewerbung und \/ oder Einstellung unserer Dienstleistungen und \/ oder Kauf von Produkten.Kostenlose, spezifische, informierte und eindeutige Zustimmung, da wir Sie \u00fcber diese<\/p>\n<p>Datenschutzrichtlinie informieren, die Sie nach dem Lesen und der Zustimmung akzeptieren k\u00f6nnen, indem Sie die daf\u00fcr vorgesehenen Kontrollk\u00e4stchen aktivieren.Sie k\u00f6nnen Ihre Meinung jederzeit \u00e4ndern und Ihre Zustimmung widerrufen.Sicherheitsma\u00dfnahmenUnser Unternehmen hat alle technischen und organisatorischen Ma\u00dfnahmen getroffen, die zum Schutz der verarbeiteten personenbezogenen Daten erforderlich sind, um deren Verlust, Diebstahl oder unbefugte Verwendung zu vermeiden. Diese Ma\u00dfnahmen werden regelm\u00e4\u00dfig in unseren Konformit\u00e4tskontrollen mit den spezifischen Vorschriften \u00fcberpr\u00fcft.VorratsdatenspeicherungDie zur Verf\u00fcgung gestellten personenbezogenen Daten werden f\u00fcr die Zeit aufbewahrt, die erforderlich ist, um den Zweck zu erf\u00fcllen, f\u00fcr den sie erhoben werden, und um die m\u00f6glichen Verantwortlichkeiten zu bestimmen, die sich aus dem Zweck ergeben k\u00f6nnen. Bei Bewerbungen werden sie maximal 1 Jahr lang aufbewahrt oder bis der Interessent uns auffordert, seine Daten zu l\u00f6schen.<\/p>\n<p><strong>Rechte der Interessenten<\/strong><\/p>\n<p>Sie haben das Recht zu erfahren, ob unser Unternehmen Ihre pers\u00f6nlichen Daten behandelt. Daher haben Sie das Recht, auf Ihre Daten zuzugreifen, sie zu korrigieren, wenn sie ungenau sind, oder ihre L\u00f6schung zu beantragen, wenn die Daten nicht mehr ben\u00f6tigt werden. Sie k\u00f6nnen Ihr Recht auf Beschr\u00e4nkung oder Portabilit\u00e4t auch aus\u00fcben, wenn Sie dies f\u00fcr zweckm\u00e4\u00dfig halten. Dazu k\u00f6nnen Sie dies schriftlich per E-Mail an c<a href=\"mailto:ustomerservice1@vinilosfilm.com\">ustomerservice1@vinilosfilm.com<\/a> an unser Unternehmen senden und eine Kopie Ihrer ID anh\u00e4ngen, um Sie zu identifizieren. Wenn Sie Anregungen oder Fragen zur Verarbeitung Ihrer Daten senden m\u00f6chten, k\u00f6nnen Sie sich hier an unsere Datenschutzberater wenden. Wenn Sie einen Anspruch geltend machen m\u00f6chten, weil Sie verstehen, dass Ihre Rechte verletzt wurden, k\u00f6nnen Sie dies vor der spanischen Datenschutzbeh\u00f6rde C \/ Jorge Juan, 6, 28001 Madrid tun.<\/p>\n<p><strong>ProfilerstellungWir erstellen keine Profile<\/strong><\/p>\n<p>mit Ihren pers\u00f6nlichen Daten, aber in diesem Fall werden Sie informiert und bitten um Erlaubnis, dies zu tun. Ebenso haben Sie das Recht, dieser Art der Behandlung jederzeit zu widersprechen.<\/p>\n<p><strong>DatentransferIhre pers\u00f6nlichen<\/strong><\/p>\n<p>Daten werden nicht in andere L\u00e4nder oder an Dritte weitergegeben, es sei denn, es besteht eine gesetzliche Verpflichtung. Im Falle des Kaufs von Produkten oder Vertragsdienstleistungen k\u00f6nnen Ihre pers\u00f6nlichen Daten an diejenigen Stellen \u00fcbertragen werden, die zur Lieferung der gekauften Produkte oder zur Erbringung unserer Dienstleistungen erforderlich sind. Unsere Bank kennt Ihre Daten f\u00fcr die Verwaltung der Sammlung von Produkten oder Dienstleistungen sowie diejenigen, die f\u00fcr die Behandlung verantwortlich sind, die f\u00fcr die Ausf\u00fchrung von Vertr\u00e4gen und \/ oder Eink\u00e4ufen erforderlich ist. Im Falle von Auftr\u00e4gen an andere Unternehmen oder an andere L\u00e4nder werden wir Sie informieren und Ihre vorherige Zustimmung einholen.<\/p>\n[\/vc_column_text][\/vc_column][\/vc_row]\n","protected":false},"excerpt":{"rendered":"<p>[vc_row type=&#8220;in_container&#8220; full_screen_row_position=&#8220;middle&#8220; column_margin=&#8220;default&#8220; scene_position=&#8220;center&#8220; text_color=&#8220;dark&#8220; text_align=&#8220;left&#8220; top_padding=&#8220;3%&#8220; bottom_padding=&#8220;4%&#8220; overlay_strength=&#8220;0.3&#8243; shape_divider_position=&#8220;bottom&#8220; bg_image_animation=&#8220;none&#8220; shape_type=&#8220;&#8220;][vc_column column_padding=&#8220;no-extra-padding&#8220; column_padding_position=&#8220;all&#8220; background_color_opacity=&#8220;1&#8243; background_hover_color_opacity=&#8220;1&#8243; column_link_target=&#8220;_self&#8220; column_shadow=&#8220;none&#8220; column_border_radius=&#8220;none&#8220; width=&#8220;1\/1&#8243; tablet_width_inherit=&#8220;default&#8220; tablet_text_alignment=&#8220;default&#8220; phone_text_alignment=&#8220;default&#8220; overlay_strength=&#8220;0.3&#8243; column_border_width=&#8220;none&#8220; column_border_style=&#8220;solid&#8220; bg_image_animation=&#8220;none&#8220;][vc_row_inner column_margin=&#8220;default&#8220; text_align=&#8220;left&#8220;][vc_column_inner&#8230;<\/p>\n","protected":false},"author":1,"featured_media":0,"parent":0,"menu_order":0,"comment_status":"closed","ping_status":"open","template":"","meta":{"footnotes":""},"class_list":["post-861","page","type-page","status-publish"],"_links":{"self":[{"href":"https:\/\/vinilosdeleste.com\/de\/wp-json\/wp\/v2\/pages\/861","targetHints":{"allow":["GET"]}}],"collection":[{"href":"https:\/\/vinilosdeleste.com\/de\/wp-json\/wp\/v2\/pages"}],"about":[{"href":"https:\/\/vinilosdeleste.com\/de\/wp-json\/wp\/v2\/types\/page"}],"author":[{"embeddable":true,"href":"https:\/\/vinilosdeleste.com\/de\/wp-json\/wp\/v2\/users\/1"}],"replies":[{"embeddable":true,"href":"https:\/\/vinilosdeleste.com\/de\/wp-json\/wp\/v2\/comments?post=861"}],"version-history":[{"count":2,"href":"https:\/\/vinilosdeleste.com\/de\/wp-json\/wp\/v2\/pages\/861\/revisions"}],"predecessor-version":[{"id":863,"href":"https:\/\/vinilosdeleste.com\/de\/wp-json\/wp\/v2\/pages\/861\/revisions\/863"}],"wp:attachment":[{"href":"https:\/\/vinilosdeleste.com\/de\/wp-json\/wp\/v2\/media?parent=861"}],"curies":[{"name":"wp","href":"https:\/\/api.w.org\/{rel}","templated":true}]}}