
{"id":897,"date":"2020-11-06T09:48:25","date_gmt":"2020-11-06T08:48:25","guid":{"rendered":"http:\/\/vinilosdeleste.com\/cookie-richtlinie\/"},"modified":"2023-06-21T13:07:19","modified_gmt":"2023-06-21T11:07:19","slug":"cookie-richtlinie","status":"publish","type":"page","link":"https:\/\/vinilosdeleste.com\/de\/cookie-richtlinie\/","title":{"rendered":"Cookie-Richtlinie"},"content":{"rendered":"[vc_row type=&#8220;in_container&#8220; full_screen_row_position=&#8220;middle&#8220; column_margin=&#8220;default&#8220; column_direction=&#8220;default&#8220; column_direction_tablet=&#8220;default&#8220; column_direction_phone=&#8220;default&#8220; scene_position=&#8220;center&#8220; top_padding=&#8220;3%&#8220; bottom_padding=&#8220;4%&#8220; text_color=&#8220;dark&#8220; text_align=&#8220;left&#8220; row_border_radius=&#8220;none&#8220; row_border_radius_applies=&#8220;bg&#8220; overlay_strength=&#8220;0.3&#8243; gradient_direction=&#8220;left_to_right&#8220; shape_divider_position=&#8220;bottom&#8220; bg_image_animation=&#8220;none&#8220; shape_type=&#8220;&#8220;][vc_column column_padding=&#8220;no-extra-padding&#8220; column_padding_tablet=&#8220;inherit&#8220; column_padding_phone=&#8220;inherit&#8220; column_padding_position=&#8220;all&#8220; background_color_opacity=&#8220;1&#8243; background_hover_color_opacity=&#8220;1&#8243; column_shadow=&#8220;none&#8220; column_border_radius=&#8220;none&#8220; column_link_target=&#8220;_self&#8220; gradient_direction=&#8220;left_to_right&#8220; overlay_strength=&#8220;0.3&#8243; width=&#8220;1\/1&#8243; tablet_width_inherit=&#8220;default&#8220; tablet_text_alignment=&#8220;default&#8220; phone_text_alignment=&#8220;default&#8220; column_border_width=&#8220;none&#8220; column_border_style=&#8220;solid&#8220; bg_image_animation=&#8220;none&#8220;][vc_row_inner column_margin=&#8220;default&#8220; column_direction=&#8220;default&#8220; column_direction_tablet=&#8220;default&#8220; column_direction_phone=&#8220;default&#8220; text_align=&#8220;left&#8220;][vc_column_inner column_padding=&#8220;no-extra-padding&#8220; column_padding_tablet=&#8220;inherit&#8220; column_padding_phone=&#8220;inherit&#8220; column_padding_position=&#8220;all&#8220; background_color_opacity=&#8220;1&#8243; background_hover_color_opacity=&#8220;1&#8243; column_shadow=&#8220;none&#8220; column_border_radius=&#8220;none&#8220; column_link_target=&#8220;_self&#8220; gradient_direction=&#8220;left_to_right&#8220; overlay_strength=&#8220;0.3&#8243; width=&#8220;1\/1&#8243; tablet_width_inherit=&#8220;default&#8220; column_border_width=&#8220;none&#8220; column_border_style=&#8220;solid&#8220; bg_image_animation=&#8220;none&#8220;][vc_column_text]\n<h2>Cookie-Richtlinie<\/h2>\n[\/vc_column_text][\/vc_column_inner][\/vc_row_inner][vc_column_text]\n<p class=\"p1\"><b>Cookie-Richtlinie<\/b><\/p>\n<p class=\"p1\">Vinilos Del Este, SL informiert \u00fcber die Verwendung von Cookies auf seiner Website: https:\/\/vinilosdeleste.com<\/p>\n<p class=\"p1\"><b>Was sind Cookies?<\/b><\/p>\n<p class=\"p1\">Cookies sind Dateien, die \u00fcber Webseiten auf Ihren Computer heruntergeladen werden k\u00f6nnen. Dabei handelt es sich um Werkzeuge, die bei der Bereitstellung zahlreicher Dienste der Informationsgesellschaft eine wesentliche Rolle spielen. Sie erm\u00f6glichen es einer Webseite unter anderem, Informationen \u00fcber die Surfgewohnheiten eines Benutzers oder seiner Ger\u00e4te zu speichern und abzurufen, und je nach den erhaltenen Informationen k\u00f6nnen sie zur Wiedererkennung des Benutzers und zur Verbesserung des angebotenen Dienstes verwendet werden.<\/p>\n<p class=\"p1\"><b>Arten von Cookies<\/b><\/p>\n<p class=\"p1\">Je nachdem, wer die Entit\u00e4t ist, die die Dom\u00e4ne verwaltet, von der Cookies gesendet werden, und die erhaltenen Daten verarbeitet, k\u00f6nnen zwei Typen unterschieden werden:<\/p>\n<ul class=\"ul1\">\n<li class=\"li2\"><span class=\"s1\">Eigene Cookies: Cookies, die von einem Computer oder einer Dom\u00e4ne, die vom Herausgeber selbst verwaltet wird und von dem aus der vom Benutzer angeforderte Dienst bereitgestellt wird, an das Endger\u00e4t des Benutzers gesendet werden < \/span><\/li>\n<li class=\"li3\"><span class=\"s1\">Cookies von Drittanbietern: Cookies, die von einem Computer oder einer Dom\u00e4ne, die nicht vom Herausgeber verwaltet wird, sondern von einer anderen Entit\u00e4t, die die verarbeitet, an das Endger\u00e4t des Benutzers gesendet werden Durch Cookies erfasste Daten.<\/span><\/li>\n<\/ul>\n<p class=\"p1\">Falls Cookies von einem Computer oder einer Dom\u00e4ne installiert werden, die vom Herausgeber selbst verwaltet wird, die \u00fcber sie gesammelten Informationen jedoch von einem Dritten verwaltet werden, k\u00f6nnen sie nicht als propriet\u00e4re Cookies betrachtet werden.< \/p><\/p>\n<p class=\"p1\">Es gibt auch eine zweite Klassifizierung nach der Zeitspanne, die sie im Browser des Clients gespeichert bleiben, und zwar:<\/p>\n<ul class=\"ul1\">\n<li class=\"li2\"><span class=\"s1\">Sitzungscookies: Entwickelt, um Daten zu sammeln und zu speichern, w\u00e4hrend der Benutzer auf eine Webseite zugreift. Sie werden in der Regel zum Speichern von Informationen verwendet, deren Aufbewahrung nur f\u00fcr die Erbringung der vom Benutzer einmalig angeforderten Dienstleistung von Interesse ist (z. B. eine Liste der gekauften Produkte).<\/span><\/li>\n<li class=\"li3\"><span class=\"s1\">Persistente Cookies: Die Daten bleiben weiterhin im Endger\u00e4t gespeichert und k\u00f6nnen w\u00e4hrend eines vom Cookie-Verantwortlichen definierten Zeitraums, der einige wenige sein kann, abgerufen und verarbeitet werden Minuten bis mehrere Jahre.<\/span><\/li>\n<\/ul>\n<p class=\"p1\">Schlie\u00dflich gibt es eine weitere Klassifizierung mit sechs Arten von Cookies entsprechend dem Zweck, f\u00fcr den die erhaltenen Daten verarbeitet werden:<\/p>\n<ul class=\"ul1\">\n<li class=\"li2\"><span class=\"s1\">Technische Cookies: Cookies, die es dem Benutzer erm\u00f6glichen, durch eine Webseite, Plattform oder Anwendung zu navigieren und die verschiedenen darin vorhandenen Optionen oder Dienste zu nutzen, z B. den Datenverkehr und die Datenkommunikation steuern, die Sitzung identifizieren, auf Teile mit eingeschr\u00e4nktem Zugriff zugreifen, sich die Elemente merken, aus denen eine Bestellung besteht, den Kaufvorgang einer Bestellung durchf\u00fchren, eine Registrierung oder Teilnahme an einer Veranstaltung beantragen, Sicherheitsfunktionen beim Surfen nutzen , Inhalte f\u00fcr die \u00dcbertragung von Videos oder Ton speichern oder Inhalte \u00fcber soziale Netzwerke teilen.<\/span><\/li>\n<li class=\"li2\"><span class=\"s1\">Personalisierungscookies: Sie erm\u00f6glichen dem Benutzer den Zugriff auf den Dienst mit einigen vordefinierten allgemeinen Merkmalen, die auf einer Reihe von Kriterien im Terminal des Benutzers basieren, wie z. B. der Sprache und dem Typ des Browsers, \u00fcber den Sie auf den Dienst zugreifen, die regionale Konfiguration, von der aus Sie auf den Dienst zugreifen usw.<\/span><\/li>\n<li class=\"li2\"><span class=\"s1\">Analyse-Cookies: Sie erm\u00f6glichen es dem Verantwortlichen, das Verhalten der Nutzer der Websites, mit denen sie verlinkt sind, zu \u00fcberwachen und zu analysieren. Die durch diese Art von Cookies gesammelten Informationen werden verwendet, um die Aktivit\u00e4t von Websites, Anwendungen oder Plattformen zu messen und um Browserprofile f\u00fcr Benutzer dieser Websites, Anwendungen und Plattformen zu erstellen, um Verbesserungen in Bezug auf die Analyse der durchgef\u00fchrten Nutzungsdaten einzuf\u00fchren durch die Nutzer des Dienstes.<\/span><\/li>\n<li class=\"li2\"><span class=\"s1\">Werbe-Cookies: Sie erm\u00f6glichen die m\u00f6glichst effiziente Verwaltung von Werbefl\u00e4chen.<\/span><\/li>\n<li class=\"li2\"><span class=\"s1\">Verhaltensbezogene Werbe-Cookies: Sie speichern Informationen \u00fcber das Verhalten der Nutzer, die durch kontinuierliche Beobachtung ihrer Surfgewohnheiten gewonnen werden, was die Entwicklung eines spezifischen Profils erm\u00f6glicht, auf dessen Grundlage Werbung angezeigt wird es.<\/span><\/li>\n<li class=\"li3\"><span class=\"s1\">Cookies von externen sozialen Netzwerken: Sie werden verwendet, damit Besucher mit den Inhalten verschiedener sozialer Plattformen (Facebook, YouTube, Twitter, LinkedIn usw.) interagieren k\u00f6nnen Sie werden nur f\u00fcr die Nutzer dieser sozialen Netzwerke generiert. Die Nutzungsbedingungen dieser Cookies und die gesammelten Informationen werden durch die Datenschutzrichtlinie der entsprechenden sozialen Plattform geregelt.<\/span><\/li>\n<\/ul>\n<p class=\"p1\"><b>Deaktivierung und L\u00f6schung von Cookies<\/b><\/p>\n<p class=\"p1\">Sie haben die M\u00f6glichkeit, auf Ihrem Computer installierte Cookies zuzulassen, zu blockieren oder zu l\u00f6schen, indem Sie die Optionen des auf Ihrem Computer installierten Browsers konfigurieren. Durch die Deaktivierung von Cookies sind einige der verf\u00fcgbaren Dienste m\u00f6glicherweise nicht mehr funktionsf\u00e4hig. Die M\u00f6glichkeit, Cookies zu deaktivieren, ist f\u00fcr jeden Browser unterschiedlich, kann aber normalerweise \u00fcber das Men\u00fc \u201eExtras\u201c oder \u201eOptionen\u201c erfolgen. Sie k\u00f6nnen auch das Hilfemen\u00fc des Browsers konsultieren, wo Sie Anweisungen finden. Der Benutzer kann jederzeit ausw\u00e4hlen, welche Cookies er auf dieser Website verwenden m\u00f6chte.<\/p>\n<p class=\"p1\">Sie k\u00f6nnen auf Ihrem Computer installierte Cookies zulassen, blockieren oder l\u00f6schen, indem Sie die Optionen des auf Ihrem Computer installierten Browsers konfigurieren:<\/p>\n<ul class=\"ul1\">\n<li class=\"li2\"><span class=\"s1\">Microsoft Internet Explorer oder Microsoft Edge: http:\/\/windows.microsoft.com\/es-es\/windows-vista\/Block-or-allow-cookies<\/ span><\/li>\n<li class=\"li2\"><span class=\"s1\">Mozilla Firefox: http:\/\/support.mozilla.org\/es\/kb\/prevent-websites-from- saving-your-preferences<\/ span><\/ li>\n<li class=\"li2\"><span class=\"s1\">Chrome: https:\/\/support.google.com\/accounts\/answer\/61416?hl=es<\/span><\/li>\n<li class=\"li2\"><span class=\"s1\">Safari: http:\/\/safari.helpmax.net\/en\/privacy-and-security\/how-to-manage-cookies\/<\/span><\/ li>\n<li class=\"li3\"><span class=\"s1\">Opera: http:\/\/help.opera.com\/Linux\/10.60\/es-ES\/cookies.html<\/span><\/li>\n<\/ul>\n<p class=\"p1\">Dar\u00fcber hinaus k\u00f6nnen Sie die Speicherung von Cookies in Ihrem Browser auch \u00fcber Tools wie die folgenden verwalten:<\/p>\n<ul class=\"ul1\">\n<li class=\"li2\"><span class=\"s1\">Ghostery: www.ghostery.com<\/span><\/li>\n<li class=\"li3\"><span class=\"s1\">Ihre Online-Auswahl: www.youronlinechoices.com\/en\/<\/span><\/li>\n<\/ul>\n<p class=\"p1\">In https:\/\/vinilosdeleste.com verwendete Cookies<\/p>\n<p class=\"p1\">Die auf diesem Portal verwendeten Cookies sowie deren Typ und Funktion werden unten aufgef\u00fchrt:<\/p>\n<ul class=\"ul1\">\n<li class=\"li2\"><span class=\"s1\">cookielawinfo-checkbox-necessary<\/span>\n<ul class=\"ul1\">\n<li class=\"li2\">Laufzeit: 1 Jahr<\/li>\n<li class=\"li2\">Beschreibung: Wird f\u00fcr die Annahme notwendiger Cookies verwendet.<\/li>\n<li class=\"li2\">Typ: Eigen<\/li>\n<li class=\"li3\">Zweck: Technisch<\/li>\n<\/ul>\n<\/li>\n<\/ul>\n<p class=\"p1\">https:\/\/vinilosdeleste.com zeigt bei jedem Login unten oder oben auf jeder Seite des Portals Informationen \u00fcber seine Cookie-Richtlinie an.<\/p>\n<p class=\"p1\">Anhand dieser Informationen ist es m\u00f6glich, die folgenden Aktionen auszuf\u00fchren:<\/p>\n<ul class=\"ul1\">\n<li class=\"li2\"><span class=\"s1\">Cookies akzeptieren: Dieser Hinweis wird beim Zugriff auf eine Seite des Portals w\u00e4hrend dieser Sitzung nicht erneut angezeigt.<\/span><\/li>\n<li class=\"li3\"><span class=\"s1\">\u00c4ndern\/anpassen Sie Ihre Einstellungen: Weitere Informationen dar\u00fcber, was Cookies sind, k\u00f6nnen Sie \u00fcber die Cookie-Richtlinie unter https:\/\/vinilosdeleste.com erfahren und die Einstellungen \u00e4ndern Ihr Browser.<\/span><\/li>\n<\/ul>\n<p class=\"p4\">REV: 20.3009<\/p>\n[\/vc_column_text][\/vc_column][\/vc_row]\n","protected":false},"excerpt":{"rendered":"<p>[vc_row type=&#8220;in_container&#8220; full_screen_row_position=&#8220;middle&#8220; column_margin=&#8220;default&#8220; column_direction=&#8220;default&#8220; column_direction_tablet=&#8220;default&#8220; column_direction_phone=&#8220;default&#8220; scene_position=&#8220;center&#8220; top_padding=&#8220;3%&#8220; bottom_padding=&#8220;4%&#8220; text_color=&#8220;dark&#8220; text_align=&#8220;left&#8220; row_border_radius=&#8220;none&#8220; row_border_radius_applies=&#8220;bg&#8220; overlay_strength=&#8220;0.3&#8243; gradient_direction=&#8220;left_to_right&#8220; shape_divider_position=&#8220;bottom&#8220; bg_image_animation=&#8220;none&#8220; shape_type=&#8220;&#8220;][vc_column column_padding=&#8220;no-extra-padding&#8220; column_padding_tablet=&#8220;inherit&#8220; column_padding_phone=&#8220;inherit&#8220; column_padding_position=&#8220;all&#8220; background_color_opacity=&#8220;1&#8243; background_hover_color_opacity=&#8220;1&#8243; column_shadow=&#8220;none&#8220; column_border_radius=&#8220;none&#8220; column_link_target=&#8220;_self&#8220; gradient_direction=&#8220;left_to_right&#8220; overlay_strength=&#8220;0.3&#8243;&#8230;<\/p>\n","protected":false},"author":1,"featured_media":0,"parent":0,"menu_order":0,"comment_status":"closed","ping_status":"closed","template":"","meta":{"footnotes":""},"class_list":["post-897","page","type-page","status-publish"],"_links":{"self":[{"href":"https:\/\/vinilosdeleste.com\/de\/wp-json\/wp\/v2\/pages\/897","targetHints":{"allow":["GET"]}}],"collection":[{"href":"https:\/\/vinilosdeleste.com\/de\/wp-json\/wp\/v2\/pages"}],"about":[{"href":"https:\/\/vinilosdeleste.com\/de\/wp-json\/wp\/v2\/types\/page"}],"author":[{"embeddable":true,"href":"https:\/\/vinilosdeleste.com\/de\/wp-json\/wp\/v2\/users\/1"}],"replies":[{"embeddable":true,"href":"https:\/\/vinilosdeleste.com\/de\/wp-json\/wp\/v2\/comments?post=897"}],"version-history":[{"count":4,"href":"https:\/\/vinilosdeleste.com\/de\/wp-json\/wp\/v2\/pages\/897\/revisions"}],"predecessor-version":[{"id":1719,"href":"https:\/\/vinilosdeleste.com\/de\/wp-json\/wp\/v2\/pages\/897\/revisions\/1719"}],"wp:attachment":[{"href":"https:\/\/vinilosdeleste.com\/de\/wp-json\/wp\/v2\/media?parent=897"}],"curies":[{"name":"wp","href":"https:\/\/api.w.org\/{rel}","templated":true}]}}